{"id":2084,"date":"2025-06-27T13:23:18","date_gmt":"2025-06-27T10:23:18","guid":{"rendered":"https:\/\/rkeeper.us\/?page_id=2084"},"modified":"2025-07-22T11:52:22","modified_gmt":"2025-07-22T08:52:22","slug":"sistem-za-klik-in-prevzem","status":"publish","type":"page","link":"https:\/\/rkeeper.si\/?page_id=2084","title":{"rendered":"Sistem za klik in prevzem"},"content":{"rendered":"\t\t<div data-elementor-type=\"wp-page\" data-elementor-id=\"2084\" class=\"elementor elementor-2084 elementor-1937\" data-elementor-post-type=\"page\">\n\t\t\t\t<div class=\"elementor-element elementor-element-27df4ed7 e-flex e-con-boxed e-con e-parent\" data-id=\"27df4ed7\" data-element_type=\"container\" data-e-type=\"container\">\n\t\t\t\t\t<div class=\"e-con-inner\">\n\t\t\t\t<div class=\"elementor-element elementor-element-8e622fb elementor-widget elementor-widget-heading\" data-id=\"8e622fb\" data-element_type=\"widget\" data-e-type=\"widget\" data-widget_type=\"heading.default\">\n\t\t\t\t<div class=\"elementor-widget-container\">\n\t\t\t\t\t<h3 class=\"elementor-heading-title elementor-size-default\">Sistem za klik in prevzem<\/h3>\t\t\t\t<\/div>\n\t\t\t\t<\/div>\n\t\t\t\t<div class=\"elementor-element elementor-element-17833098 elementor-widget elementor-widget-text-editor\" data-id=\"17833098\" data-element_type=\"widget\" data-e-type=\"widget\" data-widget_type=\"text-editor.default\">\n\t\t\t\t<div class=\"elementor-widget-container\">\n\t\t\t\t\t\t\t\t\t<h3 id=\"Simplify-Your-Pickup-Orders-with-Click-and-Collect-2\"><strong>Poenostavitev naro\u010dil za prevzem s storitvijo Klikni in poberi<\/strong><\/h3><h3 id=\"Seamless-Integration-for-Smoother-Operations-2\">Brezhibna integracija za nemoteno delovanje<\/h3><p>Poslovite se od dolgih \u010dakalnih vrst in kaosa pri naro\u010danju. S storitvijo <strong>Klikni in dvigni<\/strong> lahko stranke naro\u010dijo vnaprej in prevzamejo, ko jim ustreza, medtem ko vi poenostavite delo v kuhinji in z osebjem. <\/p><p>Enostavno ga je nastaviti, brez te\u017eav ga upravljate in je zasnovan tako, da pove\u010duje prodajo in zadovoljstvo.<\/p><p>Hitro. Prilagodljivost. Varna za prihodnost.  <\/p><p><img fetchpriority=\"high\" decoding=\"async\" class=\"alignright\" src=\"https:\/\/img.perfectwiki.xyz\/insecure\/resize:fit:400\/aHR0cHM6Ly9zdG9yYWdlLmdvb2dsZWFwaXMuY29tL3BlcmZlY3Rfd2lraS9jMThmZTZmNy03MTRiLTQxMzItYmI1NC0zNTY0ODc3NWVkMGMvQ2FWOVIwbzVwdkdmamtpRHJ5cjUvJUQwJUI4JUQwJUI3JUQwJUJFJUQwJUIxJUQxJTgwJUQwJUIwJUQwJUI2JUQwJUI1JUQwJUJEJUQwJUI4JUQwJUI1Xzk5ZDUwNTAyLWUxNzMtNGIwZS1hMjU5LTg4YTQ0ZGQyMzA5NC5wbmc.webp\" sizes=\"100vw\" srcset=\"https:\/\/img.perfectwiki.xyz\/insecure\/resize:fit:400\/aHR0cHM6Ly9zdG9yYWdlLmdvb2dsZWFwaXMuY29tL3BlcmZlY3Rfd2lraS9jMThmZTZmNy03MTRiLTQxMzItYmI1NC0zNTY0ODc3NWVkMGMvQ2FWOVIwbzVwdkdmamtpRHJ5cjUvJUQwJUI4JUQwJUI3JUQwJUJFJUQwJUIxJUQxJTgwJUQwJUIwJUQwJUI2JUQwJUI1JUQwJUJEJUQwJUI4JUQwJUI1Xzk5ZDUwNTAyLWUxNzMtNGIwZS1hMjU5LTg4YTQ0ZGQyMzA5NC5wbmc.webp 400w, https:\/\/img.perfectwiki.xyz\/insecure\/resize:fit:800\/aHR0cHM6Ly9zdG9yYWdlLmdvb2dsZWFwaXMuY29tL3BlcmZlY3Rfd2lraS9jMThmZTZmNy03MTRiLTQxMzItYmI1NC0zNTY0ODc3NWVkMGMvQ2FWOVIwbzVwdkdmamtpRHJ5cjUvJUQwJUI4JUQwJUI3JUQwJUJFJUQwJUIxJUQxJTgwJUQwJUIwJUQwJUI2JUQwJUI1JUQwJUJEJUQwJUI4JUQwJUI1Xzk5ZDUwNTAyLWUxNzMtNGIwZS1hMjU5LTg4YTQ0ZGQyMzA5NC5wbmc.webp 800w, https:\/\/img.perfectwiki.xyz\/insecure\/resize:fit:1200\/aHR0cHM6Ly9zdG9yYWdlLmdvb2dsZWFwaXMuY29tL3BlcmZlY3Rfd2lraS9jMThmZTZmNy03MTRiLTQxMzItYmI1NC0zNTY0ODc3NWVkMGMvQ2FWOVIwbzVwdkdmamtpRHJ5cjUvJUQwJUI4JUQwJUI3JUQwJUJFJUQwJUIxJUQxJTgwJUQwJUIwJUQwJUI2JUQwJUI1JUQwJUJEJUQwJUI4JUQwJUI1Xzk5ZDUwNTAyLWUxNzMtNGIwZS1hMjU5LTg4YTQ0ZGQyMzA5NC5wbmc.webp 1200w, https:\/\/img.perfectwiki.xyz\/insecure\/aHR0cHM6Ly9zdG9yYWdlLmdvb2dsZWFwaXMuY29tL3BlcmZlY3Rfd2lraS9jMThmZTZmNy03MTRiLTQxMzItYmI1NC0zNTY0ODc3NWVkMGMvQ2FWOVIwbzVwdkdmamtpRHJ5cjUvJUQwJUI4JUQwJUI3JUQwJUJFJUQwJUIxJUQxJTgwJUQwJUIwJUQwJUI2JUQwJUI1JUQwJUJEJUQwJUI4JUQwJUI1Xzk5ZDUwNTAyLWUxNzMtNGIwZS1hMjU5LTg4YTQ0ZGQyMzA5NC5wbmc.webp 1400w\" alt=\"izdelki \/ 2 Klikni in poberi\" width=\"386\" height=\"259\"><\/p><h3 id=\"Benefits-of-Click-and-Collect-2\"><strong>Prednosti storitve &#8216;klikni in prevzemi&#8217;<\/strong><\/h3><ul><li><strong>Ve\u010dji obseg naro\u010dil<\/strong><br>Strankam omogo\u010dite, da naro\u010dila za prevzem oddajo kadar koli &#8211; tudi med prometno konico. Ve\u010d naro\u010dil, manj zastojev. <\/li><li><strong>Ve\u010dje zadovoljstvo strank<\/strong><br>Brez \u010dakanja. Brez nesporazumov. Samo nemotena, hitra in natan\u010dna storitev.  <\/li><li><strong>Kraj\u0161i \u010das \u010dakanja<\/strong><br>Z re\u017eami za prevzem in posodobitvami v realnem \u010dasu stranke to\u010dno vedo, kdaj lahko pridejo &#8211; in odidejo.<\/li><\/ul><h2 id=\"How-It-Works-1\"><strong>Kako deluje<\/strong><\/h2><h3 id=\"Benefits-of-Click-and-Collect-2\"><img decoding=\"async\" class=\"alignleft\" style=\"font-size: 16px;\" src=\"https:\/\/img.perfectwiki.xyz\/insecure\/resize:fit:400\/aHR0cHM6Ly9zdG9yYWdlLmdvb2dsZWFwaXMuY29tL3BlcmZlY3Rfd2lraS9jMThmZTZmNy03MTRiLTQxMzItYmI1NC0zNTY0ODc3NWVkMGMvQ2FWOVIwbzVwdkdmamtpRHJ5cjUvJUQwJUI4JUQwJUI3JUQwJUJFJUQwJUIxJUQxJTgwJUQwJUIwJUQwJUI2JUQwJUI1JUQwJUJEJUQwJUI4JUQwJUI1Xzc0MjFiOGVhLWI1Y2MtNDc5ZC1iZDQ5LTUwODc3OGQ0YTVlYi5wbmc.webp\" sizes=\"100vw\" srcset=\"https:\/\/img.perfectwiki.xyz\/insecure\/resize:fit:400\/aHR0cHM6Ly9zdG9yYWdlLmdvb2dsZWFwaXMuY29tL3BlcmZlY3Rfd2lraS9jMThmZTZmNy03MTRiLTQxMzItYmI1NC0zNTY0ODc3NWVkMGMvQ2FWOVIwbzVwdkdmamtpRHJ5cjUvJUQwJUI4JUQwJUI3JUQwJUJFJUQwJUIxJUQxJTgwJUQwJUIwJUQwJUI2JUQwJUI1JUQwJUJEJUQwJUI4JUQwJUI1Xzc0MjFiOGVhLWI1Y2MtNDc5ZC1iZDQ5LTUwODc3OGQ0YTVlYi5wbmc.webp 400w, https:\/\/img.perfectwiki.xyz\/insecure\/resize:fit:800\/aHR0cHM6Ly9zdG9yYWdlLmdvb2dsZWFwaXMuY29tL3BlcmZlY3Rfd2lraS9jMThmZTZmNy03MTRiLTQxMzItYmI1NC0zNTY0ODc3NWVkMGMvQ2FWOVIwbzVwdkdmamtpRHJ5cjUvJUQwJUI4JUQwJUI3JUQwJUJFJUQwJUIxJUQxJTgwJUQwJUIwJUQwJUI2JUQwJUI1JUQwJUJEJUQwJUI4JUQwJUI1Xzc0MjFiOGVhLWI1Y2MtNDc5ZC1iZDQ5LTUwODc3OGQ0YTVlYi5wbmc.webp 800w, https:\/\/img.perfectwiki.xyz\/insecure\/resize:fit:1200\/aHR0cHM6Ly9zdG9yYWdlLmdvb2dsZWFwaXMuY29tL3BlcmZlY3Rfd2lraS9jMThmZTZmNy03MTRiLTQxMzItYmI1NC0zNTY0ODc3NWVkMGMvQ2FWOVIwbzVwdkdmamtpRHJ5cjUvJUQwJUI4JUQwJUI3JUQwJUJFJUQwJUIxJUQxJTgwJUQwJUIwJUQwJUI2JUQwJUI1JUQwJUJEJUQwJUI4JUQwJUI1Xzc0MjFiOGVhLWI1Y2MtNDc5ZC1iZDQ5LTUwODc3OGQ0YTVlYi5wbmc.webp 1200w, https:\/\/img.perfectwiki.xyz\/insecure\/aHR0cHM6Ly9zdG9yYWdlLmdvb2dsZWFwaXMuY29tL3BlcmZlY3Rfd2lraS9jMThmZTZmNy03MTRiLTQxMzItYmI1NC0zNTY0ODc3NWVkMGMvQ2FWOVIwbzVwdkdmamtpRHJ5cjUvJUQwJUI4JUQwJUI3JUQwJUJFJUQwJUIxJUQxJTgwJUQwJUIwJUQwJUI2JUQwJUI1JUQwJUJEJUQwJUI4JUQwJUI1Xzc0MjFiOGVhLWI1Y2MtNDc5ZC1iZDQ5LTUwODc3OGQ0YTVlYi5wbmc.webp 1400w\" alt=\"izdelki \/ 2 Klikni in poberi\" width=\"404\" height=\"271\"><\/h3><h5><strong>Enostavna nastavitev<\/strong><\/h5><p>Na\u0161a intuitivna platforma se integrira z va\u0161im obstoje\u010dim sistemom POS. V hipu boste lahko za\u010deli delovati &#8211; brez glavobolov na podro\u010dju IT. <\/p><h5><strong>Brezhibno naro\u010danje<\/strong><\/h5><p>Stranke naro\u010dajo na va\u0161em spletnem mestu, v aplikaciji ali kiosku. Vse se takoj sinhronizira z va\u0161o kuhinjo. <\/p><h5><strong>U\u010dinkovito zbiranje<\/strong><\/h5><p>Stranke prejmejo obvestilo, ko je njihova hrana pripravljena. Preprosto pridejo, vzamejo in odidejo. <\/p><h3 id=\"Detailed-Features-of-Click-and-Collect-2\"><strong>Podrobne funkcije storitve &#8216;klikni in prevzemi&#8217;<\/strong><\/h3><h5><strong>Upravljanje naro\u010dil<\/strong><\/h5><p>Spremljajte in upravljajte vsa naro\u010dila za prevzem v enotni nadzorni plo\u0161\u010di. Brez te\u017eav preglejte, posodobite in izpolnite naro\u010dila. <\/p><h5><strong>Posodobitve v realnem \u010dasu<\/strong><\/h5><h3 id=\"Detailed-Features-of-Click-and-Collect-2\"><img decoding=\"async\" class=\"alignright\" style=\"font-size: 16px; margin: 8px 8px 0px;\" src=\"https:\/\/img.perfectwiki.xyz\/insecure\/resize:fit:400\/aHR0cHM6Ly9zdG9yYWdlLmdvb2dsZWFwaXMuY29tL3BlcmZlY3Rfd2lraS9jMThmZTZmNy03MTRiLTQxMzItYmI1NC0zNTY0ODc3NWVkMGMvQ2FWOVIwbzVwdkdmamtpRHJ5cjUvJUQwJUI4JUQwJUI3JUQwJUJFJUQwJUIxJUQxJTgwJUQwJUIwJUQwJUI2JUQwJUI1JUQwJUJEJUQwJUI4JUQwJUI1XzIyNjhhNTc2LTU3MzQtNDNlYS05MGU2LTQ4ODhjYWY3Mjk5Ny5wbmc.webp\" sizes=\"100vw\" srcset=\"https:\/\/img.perfectwiki.xyz\/insecure\/resize:fit:400\/aHR0cHM6Ly9zdG9yYWdlLmdvb2dsZWFwaXMuY29tL3BlcmZlY3Rfd2lraS9jMThmZTZmNy03MTRiLTQxMzItYmI1NC0zNTY0ODc3NWVkMGMvQ2FWOVIwbzVwdkdmamtpRHJ5cjUvJUQwJUI4JUQwJUI3JUQwJUJFJUQwJUIxJUQxJTgwJUQwJUIwJUQwJUI2JUQwJUI1JUQwJUJEJUQwJUI4JUQwJUI1XzIyNjhhNTc2LTU3MzQtNDNlYS05MGU2LTQ4ODhjYWY3Mjk5Ny5wbmc.webp 400w, https:\/\/img.perfectwiki.xyz\/insecure\/resize:fit:800\/aHR0cHM6Ly9zdG9yYWdlLmdvb2dsZWFwaXMuY29tL3BlcmZlY3Rfd2lraS9jMThmZTZmNy03MTRiLTQxMzItYmI1NC0zNTY0ODc3NWVkMGMvQ2FWOVIwbzVwdkdmamtpRHJ5cjUvJUQwJUI4JUQwJUI3JUQwJUJFJUQwJUIxJUQxJTgwJUQwJUIwJUQwJUI2JUQwJUI1JUQwJUJEJUQwJUI4JUQwJUI1XzIyNjhhNTc2LTU3MzQtNDNlYS05MGU2LTQ4ODhjYWY3Mjk5Ny5wbmc.webp 800w, https:\/\/img.perfectwiki.xyz\/insecure\/resize:fit:1200\/aHR0cHM6Ly9zdG9yYWdlLmdvb2dsZWFwaXMuY29tL3BlcmZlY3Rfd2lraS9jMThmZTZmNy03MTRiLTQxMzItYmI1NC0zNTY0ODc3NWVkMGMvQ2FWOVIwbzVwdkdmamtpRHJ5cjUvJUQwJUI4JUQwJUI3JUQwJUJFJUQwJUIxJUQxJTgwJUQwJUIwJUQwJUI2JUQwJUI1JUQwJUJEJUQwJUI4JUQwJUI1XzIyNjhhNTc2LTU3MzQtNDNlYS05MGU2LTQ4ODhjYWY3Mjk5Ny5wbmc.webp 1200w, https:\/\/img.perfectwiki.xyz\/insecure\/aHR0cHM6Ly9zdG9yYWdlLmdvb2dsZWFwaXMuY29tL3BlcmZlY3Rfd2lraS9jMThmZTZmNy03MTRiLTQxMzItYmI1NC0zNTY0ODc3NWVkMGMvQ2FWOVIwbzVwdkdmamtpRHJ5cjUvJUQwJUI4JUQwJUI3JUQwJUJFJUQwJUIxJUQxJTgwJUQwJUIwJUQwJUI2JUQwJUI1JUQwJUJEJUQwJUI4JUQwJUI1XzIyNjhhNTc2LTU3MzQtNDNlYS05MGU2LTQ4ODhjYWY3Mjk5Ny5wbmc.webp 1400w\" alt=\"izdelki \/ 2 Klikni in poberi\" width=\"362\" height=\"241\"><\/h3><p>Samodejna obvestila o stanju obve\u0161\u010dajo stranke &#8211; od &#8220;pripravlja se&#8221; do &#8220;pripravljeno za prevzem&#8221;.<\/p><h5><strong>Prilagodljive re\u017ee za prevzem<\/strong><\/h5><p>Strankam omogo\u010dite, da izberejo \u010das prevzema. Nadzorujte pretok naro\u010dil in se izognite ozkim grlom v prometnih konicah. <\/p><h5><strong>Integrirane pla\u010dilne re\u0161itve<\/strong><\/h5><p>Podpora za vse glavne vrste pla\u010dil: kartice, mobilna pla\u010dila, predpla\u010dila &#8211; varno obdelana.<\/p><h5><strong>Ste pripravljeni poenostaviti poslovanje in pove\u010dati prihodke?<\/strong><\/h5><p>Pustite storitvi Click and Collect, da opravi te\u017eka opravila, medtem ko vi u\u010dinkoviteje oskrbite ve\u010d strank.<\/p>\t\t\t\t\t\t\t\t<\/div>\n\t\t\t\t<\/div>\n\t\t\t\t<div class=\"elementor-element elementor-element-20b48f24 elementor-align-center elementor-mobile-align-center elementor-widget elementor-widget-button\" data-id=\"20b48f24\" data-element_type=\"widget\" data-e-type=\"widget\" data-widget_type=\"button.default\">\n\t\t\t\t<div class=\"elementor-widget-container\">\n\t\t\t\t\t\t\t\t\t<div class=\"elementor-button-wrapper\">\n\t\t\t\t\t<a class=\"elementor-button elementor-button-link elementor-size-sm\" href=\"https:\/\/rkeeper.us\/?page_id=256\">\n\t\t\t\t\t\t<span class=\"elementor-button-content-wrapper\">\n\t\t\t\t\t\t\t\t\t<span class=\"elementor-button-text\">Pi\u0161ite nam<\/span>\n\t\t\t\t\t<\/span>\n\t\t\t\t\t<\/a>\n\t\t\t\t<\/div>\n\t\t\t\t\t\t\t\t<\/div>\n\t\t\t\t<\/div>\n\t\t\t\t\t<\/div>\n\t\t\t\t<\/div>\n\t\t\t\t<\/div>\n\t\t","protected":false},"excerpt":{"rendered":"<p>Sistem za klik in prevzem Poenostavitev naro\u010dil za prevzem s storitvijo Klikni in poberi Brezhibna integracija za nemoteno delovanje Poslovite se od dolgih \u010dakalnih vrst in kaosa pri naro\u010danju. S storitvijo Klikni in dvigni lahko stranke naro\u010dijo vnaprej in prevzamejo, ko jim ustreza, medtem ko vi poenostavite delo v kuhinji in z osebjem. Enostavno ga [&hellip;]<\/p>\n","protected":false},"author":1,"featured_media":0,"parent":0,"menu_order":0,"comment_status":"closed","ping_status":"closed","template":"","meta":{"footnotes":""},"class_list":["post-2084","page","type-page","status-publish","hentry"],"_links":{"self":[{"href":"https:\/\/rkeeper.si\/index.php?rest_route=\/wp\/v2\/pages\/2084","targetHints":{"allow":["GET"]}}],"collection":[{"href":"https:\/\/rkeeper.si\/index.php?rest_route=\/wp\/v2\/pages"}],"about":[{"href":"https:\/\/rkeeper.si\/index.php?rest_route=\/wp\/v2\/types\/page"}],"author":[{"embeddable":true,"href":"https:\/\/rkeeper.si\/index.php?rest_route=\/wp\/v2\/users\/1"}],"replies":[{"embeddable":true,"href":"https:\/\/rkeeper.si\/index.php?rest_route=%2Fwp%2Fv2%2Fcomments&post=2084"}],"version-history":[{"count":6,"href":"https:\/\/rkeeper.si\/index.php?rest_route=\/wp\/v2\/pages\/2084\/revisions"}],"predecessor-version":[{"id":3585,"href":"https:\/\/rkeeper.si\/index.php?rest_route=\/wp\/v2\/pages\/2084\/revisions\/3585"}],"wp:attachment":[{"href":"https:\/\/rkeeper.si\/index.php?rest_route=%2Fwp%2Fv2%2Fmedia&parent=2084"}],"curies":[{"name":"wp","href":"https:\/\/api.w.org\/{rel}","templated":true}]}}