{"id":2516,"date":"2025-07-14T16:00:09","date_gmt":"2025-07-14T13:00:09","guid":{"rendered":"https:\/\/rkeeper.us\/?page_id=2516"},"modified":"2025-07-22T11:56:10","modified_gmt":"2025-07-22T08:56:10","slug":"integracije-dostave","status":"publish","type":"page","link":"https:\/\/rkeeper.si\/?page_id=2516","title":{"rendered":"Integracije dostave"},"content":{"rendered":"\t\t<div data-elementor-type=\"wp-page\" data-elementor-id=\"2516\" class=\"elementor elementor-2516 elementor-2241\" data-elementor-post-type=\"page\">\n\t\t\t\t<div class=\"elementor-element elementor-element-5149bce6 e-flex e-con-boxed e-con e-parent\" data-id=\"5149bce6\" data-element_type=\"container\" data-e-type=\"container\">\n\t\t\t\t\t<div class=\"e-con-inner\">\n\t\t\t\t<div class=\"elementor-element elementor-element-1d049450 elementor-widget elementor-widget-heading\" data-id=\"1d049450\" data-element_type=\"widget\" data-e-type=\"widget\" data-widget_type=\"heading.default\">\n\t\t\t\t<div class=\"elementor-widget-container\">\n\t\t\t\t\t<h3 class=\"elementor-heading-title elementor-size-default\">Integracije dostave<\/h3>\t\t\t\t<\/div>\n\t\t\t\t<\/div>\n\t\t\t\t<div class=\"elementor-element elementor-element-670cb37d elementor-widget elementor-widget-text-editor\" data-id=\"670cb37d\" data-element_type=\"widget\" data-e-type=\"widget\" data-widget_type=\"text-editor.default\">\n\t\t\t\t<div class=\"elementor-widget-container\">\n\t\t\t\t\t\t\t\t\t<h3 id=\"Connect-with-the-World's-Top-Delivery-Platforms-All-in-One-Place-2\">Pove\u017eite se z najbolj\u0161imi svetovnimi platformami za dostavo &#8211; vse na enem mestu<\/h3><p>Zakaj bi upravljali pet tabli\u010dnih ra\u010dunalnikov, \u010de lahko upravljate samo en sistem?<br>Na\u0161e <strong>integracije za dostavo<\/strong> zdru\u017eujejo vse glavne aplikacije za dostavo v en sam, brezhiben vmesnik. Naro\u010dila gredo naravnost na va\u0161 POS ali kuhinjski zaslon &#8211; brez dvojnega vnosa, zamud in stresa. <\/p><p>Glovo. Wolt. Uber Eats. Bolt Food. Foodpanda. Just Eat. Zomato. Deliveroo. \u0160e kaj? \ud83d\ude42<br>Vse je popolnoma integrirano. Vse pod nadzorom. <\/p><h3 id=\"Why-Delivery-Integration-2\"><strong>Zakaj integracija dostave?<\/strong><\/h3><p><img fetchpriority=\"high\" decoding=\"async\" class=\"alignright\" src=\"https:\/\/img.perfectwiki.xyz\/insecure\/resize:fit:400\/aHR0cHM6Ly9zdG9yYWdlLmdvb2dsZWFwaXMuY29tL3BlcmZlY3Rfd2lraS9jMThmZTZmNy03MTRiLTQxMzItYmI1NC0zNTY0ODc3NWVkMGMvd2Ywbms2SEgxS1M5NnJJZVU1bkcvJUQwJUI4JUQwJUI3JUQwJUJFJUQwJUIxJUQxJTgwJUQwJUIwJUQwJUI2JUQwJUI1JUQwJUJEJUQwJUI4JUQwJUI1XzIwOTIxZjFlLTg3MjItNDhiNC1iZWMwLTIyOGJjN2QwZDE5MS5wbmc.webp\" sizes=\"100vw\" srcset=\"https:\/\/img.perfectwiki.xyz\/insecure\/resize:fit:400\/aHR0cHM6Ly9zdG9yYWdlLmdvb2dsZWFwaXMuY29tL3BlcmZlY3Rfd2lraS9jMThmZTZmNy03MTRiLTQxMzItYmI1NC0zNTY0ODc3NWVkMGMvd2Ywbms2SEgxS1M5NnJJZVU1bkcvJUQwJUI4JUQwJUI3JUQwJUJFJUQwJUIxJUQxJTgwJUQwJUIwJUQwJUI2JUQwJUI1JUQwJUJEJUQwJUI4JUQwJUI1XzIwOTIxZjFlLTg3MjItNDhiNC1iZWMwLTIyOGJjN2QwZDE5MS5wbmc.webp 400w, https:\/\/img.perfectwiki.xyz\/insecure\/resize:fit:800\/aHR0cHM6Ly9zdG9yYWdlLmdvb2dsZWFwaXMuY29tL3BlcmZlY3Rfd2lraS9jMThmZTZmNy03MTRiLTQxMzItYmI1NC0zNTY0ODc3NWVkMGMvd2Ywbms2SEgxS1M5NnJJZVU1bkcvJUQwJUI4JUQwJUI3JUQwJUJFJUQwJUIxJUQxJTgwJUQwJUIwJUQwJUI2JUQwJUI1JUQwJUJEJUQwJUI4JUQwJUI1XzIwOTIxZjFlLTg3MjItNDhiNC1iZWMwLTIyOGJjN2QwZDE5MS5wbmc.webp 800w, https:\/\/img.perfectwiki.xyz\/insecure\/resize:fit:1200\/aHR0cHM6Ly9zdG9yYWdlLmdvb2dsZWFwaXMuY29tL3BlcmZlY3Rfd2lraS9jMThmZTZmNy03MTRiLTQxMzItYmI1NC0zNTY0ODc3NWVkMGMvd2Ywbms2SEgxS1M5NnJJZVU1bkcvJUQwJUI4JUQwJUI3JUQwJUJFJUQwJUIxJUQxJTgwJUQwJUIwJUQwJUI2JUQwJUI1JUQwJUJEJUQwJUI4JUQwJUI1XzIwOTIxZjFlLTg3MjItNDhiNC1iZWMwLTIyOGJjN2QwZDE5MS5wbmc.webp 1200w, https:\/\/img.perfectwiki.xyz\/insecure\/aHR0cHM6Ly9zdG9yYWdlLmdvb2dsZWFwaXMuY29tL3BlcmZlY3Rfd2lraS9jMThmZTZmNy03MTRiLTQxMzItYmI1NC0zNTY0ODc3NWVkMGMvd2Ywbms2SEgxS1M5NnJJZVU1bkcvJUQwJUI4JUQwJUI3JUQwJUJFJUQwJUIxJUQxJTgwJUQwJUIwJUQwJUI2JUQwJUI1JUQwJUJEJUQwJUI4JUQwJUI1XzIwOTIxZjFlLTg3MjItNDhiNC1iZWMwLTIyOGJjN2QwZDE5MS5wbmc.webp 1400w\" alt=\"re\u0161itve \/ 7 Integracije za dostavo\" width=\"229\" height=\"230\"><\/p><p><strong>Centralizirano upravljanje naro\u010dil<\/strong><br>Vsa naro\u010dila za dostavo dobite na enem mestu &#8211; neposredno v POS ali kuhinjski prikazovalnik.<\/p><p><strong>Brez ro\u010dnega vnosa<\/strong><br>Osebje ne bo ve\u010d tipkalo naro\u010dil z ve\u010d tabli\u010dnih ra\u010dunalnikov. Vse poteka samodejno. <\/p><p><strong>Manj napak<\/strong><br>Samodejni vnos podatkov = manj napak = zadovoljnej\u0161e stranke.<\/p><p><strong>Sinhronizacija menija v realnem \u010dasu<\/strong><br>Enkrat spremenite elemente ali cene &#8211; posodobitve se prenesejo na vse platforme.<\/p><p><strong>Pove\u010dajte prodajo brez kaosa<\/strong><br>Pove\u017eite se z novimi strankami, obdelujte ve\u010d naro\u010dil in imejte popoln nadzor.<\/p><p><img decoding=\"async\" class=\"alignright\" style=\"margin: 8px 8px 0px;\" src=\"https:\/\/img.perfectwiki.xyz\/insecure\/resize:fit:400\/aHR0cHM6Ly9zdG9yYWdlLmdvb2dsZWFwaXMuY29tL3BlcmZlY3Rfd2lraS9jMThmZTZmNy03MTRiLTQxMzItYmI1NC0zNTY0ODc3NWVkMGMvd2Ywbms2SEgxS1M5NnJJZVU1bkcvJUQwJUI4JUQwJUI3JUQwJUJFJUQwJUIxJUQxJTgwJUQwJUIwJUQwJUI2JUQwJUI1JUQwJUJEJUQwJUI4JUQwJUI1X2E1ZmI3OWUyLThkMDMtNDg2Ny04MzM3LTcwMzQ0ZDNjNTg3NS5wbmc.webp\" sizes=\"100vw\" srcset=\"https:\/\/img.perfectwiki.xyz\/insecure\/resize:fit:400\/aHR0cHM6Ly9zdG9yYWdlLmdvb2dsZWFwaXMuY29tL3BlcmZlY3Rfd2lraS9jMThmZTZmNy03MTRiLTQxMzItYmI1NC0zNTY0ODc3NWVkMGMvd2Ywbms2SEgxS1M5NnJJZVU1bkcvJUQwJUI4JUQwJUI3JUQwJUJFJUQwJUIxJUQxJTgwJUQwJUIwJUQwJUI2JUQwJUI1JUQwJUJEJUQwJUI4JUQwJUI1X2E1ZmI3OWUyLThkMDMtNDg2Ny04MzM3LTcwMzQ0ZDNjNTg3NS5wbmc.webp 400w, https:\/\/img.perfectwiki.xyz\/insecure\/resize:fit:800\/aHR0cHM6Ly9zdG9yYWdlLmdvb2dsZWFwaXMuY29tL3BlcmZlY3Rfd2lraS9jMThmZTZmNy03MTRiLTQxMzItYmI1NC0zNTY0ODc3NWVkMGMvd2Ywbms2SEgxS1M5NnJJZVU1bkcvJUQwJUI4JUQwJUI3JUQwJUJFJUQwJUIxJUQxJTgwJUQwJUIwJUQwJUI2JUQwJUI1JUQwJUJEJUQwJUI4JUQwJUI1X2E1ZmI3OWUyLThkMDMtNDg2Ny04MzM3LTcwMzQ0ZDNjNTg3NS5wbmc.webp 800w, https:\/\/img.perfectwiki.xyz\/insecure\/resize:fit:1200\/aHR0cHM6Ly9zdG9yYWdlLmdvb2dsZWFwaXMuY29tL3BlcmZlY3Rfd2lraS9jMThmZTZmNy03MTRiLTQxMzItYmI1NC0zNTY0ODc3NWVkMGMvd2Ywbms2SEgxS1M5NnJJZVU1bkcvJUQwJUI4JUQwJUI3JUQwJUJFJUQwJUIxJUQxJTgwJUQwJUIwJUQwJUI2JUQwJUI1JUQwJUJEJUQwJUI4JUQwJUI1X2E1ZmI3OWUyLThkMDMtNDg2Ny04MzM3LTcwMzQ0ZDNjNTg3NS5wbmc.webp 1200w, https:\/\/img.perfectwiki.xyz\/insecure\/aHR0cHM6Ly9zdG9yYWdlLmdvb2dsZWFwaXMuY29tL3BlcmZlY3Rfd2lraS9jMThmZTZmNy03MTRiLTQxMzItYmI1NC0zNTY0ODc3NWVkMGMvd2Ywbms2SEgxS1M5NnJJZVU1bkcvJUQwJUI4JUQwJUI3JUQwJUJFJUQwJUIxJUQxJTgwJUQwJUIwJUQwJUI2JUQwJUI1JUQwJUJEJUQwJUI4JUQwJUI1X2E1ZmI3OWUyLThkMDMtNDg2Ny04MzM3LTcwMzQ0ZDNjNTg3NS5wbmc.webp 1400w\" alt=\"re\u0161itve \/ 7 Integracije za dostavo\" width=\"236\" height=\"237\"><\/p><h3 id=\"Supported-Platforms-2\"><strong>Podprte platforme<\/strong><\/h3><p>\u2705 Wolt<br>\u2705 Uber Eats<br>\u2705 Glovo<br>\u2705 Bolt Food<br>\u2705 Foodpanda<br>\u2705 Deliveroo<br>\u2705 Just Eat<br>\u2705 Zomato<br>&#8230;in ve\u010d<\/p><h3 id=\"What-You-Get-2\"><strong>Kaj dobite<\/strong><\/h3><p><img decoding=\"async\" class=\"alignright\" src=\"https:\/\/img.perfectwiki.xyz\/insecure\/resize:fit:400\/aHR0cHM6Ly9zdG9yYWdlLmdvb2dsZWFwaXMuY29tL3BlcmZlY3Rfd2lraS9jMThmZTZmNy03MTRiLTQxMzItYmI1NC0zNTY0ODc3NWVkMGMvd2Ywbms2SEgxS1M5NnJJZVU1bkcvJUQwJUI4JUQwJUI3JUQwJUJFJUQwJUIxJUQxJTgwJUQwJUIwJUQwJUI2JUQwJUI1JUQwJUJEJUQwJUI4JUQwJUI1XzkxZTM2ZTY0LTgwNDQtNGQ1Yy1hNzI1LWM0OTJhYzRhZjdlNS5wbmc.webp\" sizes=\"100vw\" srcset=\"https:\/\/img.perfectwiki.xyz\/insecure\/resize:fit:400\/aHR0cHM6Ly9zdG9yYWdlLmdvb2dsZWFwaXMuY29tL3BlcmZlY3Rfd2lraS9jMThmZTZmNy03MTRiLTQxMzItYmI1NC0zNTY0ODc3NWVkMGMvd2Ywbms2SEgxS1M5NnJJZVU1bkcvJUQwJUI4JUQwJUI3JUQwJUJFJUQwJUIxJUQxJTgwJUQwJUIwJUQwJUI2JUQwJUI1JUQwJUJEJUQwJUI4JUQwJUI1XzkxZTM2ZTY0LTgwNDQtNGQ1Yy1hNzI1LWM0OTJhYzRhZjdlNS5wbmc.webp 400w, https:\/\/img.perfectwiki.xyz\/insecure\/resize:fit:800\/aHR0cHM6Ly9zdG9yYWdlLmdvb2dsZWFwaXMuY29tL3BlcmZlY3Rfd2lraS9jMThmZTZmNy03MTRiLTQxMzItYmI1NC0zNTY0ODc3NWVkMGMvd2Ywbms2SEgxS1M5NnJJZVU1bkcvJUQwJUI4JUQwJUI3JUQwJUJFJUQwJUIxJUQxJTgwJUQwJUIwJUQwJUI2JUQwJUI1JUQwJUJEJUQwJUI4JUQwJUI1XzkxZTM2ZTY0LTgwNDQtNGQ1Yy1hNzI1LWM0OTJhYzRhZjdlNS5wbmc.webp 800w, https:\/\/img.perfectwiki.xyz\/insecure\/resize:fit:1200\/aHR0cHM6Ly9zdG9yYWdlLmdvb2dsZWFwaXMuY29tL3BlcmZlY3Rfd2lraS9jMThmZTZmNy03MTRiLTQxMzItYmI1NC0zNTY0ODc3NWVkMGMvd2Ywbms2SEgxS1M5NnJJZVU1bkcvJUQwJUI4JUQwJUI3JUQwJUJFJUQwJUIxJUQxJTgwJUQwJUIwJUQwJUI2JUQwJUI1JUQwJUJEJUQwJUI4JUQwJUI1XzkxZTM2ZTY0LTgwNDQtNGQ1Yy1hNzI1LWM0OTJhYzRhZjdlNS5wbmc.webp 1200w, https:\/\/img.perfectwiki.xyz\/insecure\/aHR0cHM6Ly9zdG9yYWdlLmdvb2dsZWFwaXMuY29tL3BlcmZlY3Rfd2lraS9jMThmZTZmNy03MTRiLTQxMzItYmI1NC0zNTY0ODc3NWVkMGMvd2Ywbms2SEgxS1M5NnJJZVU1bkcvJUQwJUI4JUQwJUI3JUQwJUJFJUQwJUIxJUQxJTgwJUQwJUIwJUQwJUI2JUQwJUI1JUQwJUJEJUQwJUI4JUQwJUI1XzkxZTM2ZTY0LTgwNDQtNGQ1Yy1hNzI1LWM0OTJhYzRhZjdlNS5wbmc.webp 1400w\" alt=\"re\u0161itve \/ 7 Integracije za dostavo\" width=\"265\" height=\"396\"><\/p><ul><li>Konsolidirana poro\u010dila o prodaji v vseh aplikacijah za dostavo<\/li><li>Bolj\u0161e na\u010drtovanje kuhinje s pregledom naro\u010dil v realnem \u010dasu<\/li><li>manj \u010dlove\u0161kih napak in zamud<\/li><li>Naro\u010dila se stekajo v va\u0161 POS &#8211; brez preklapljanja med zasloni<\/li><li>Ve\u010djezi\u010dna podpora za globalno ob\u010dinstvo<\/li><li>Ve\u010d naro\u010dil, manj glavobolov<\/li><\/ul><h3 id=\"For-Chains-and-Single-Venues-Alike-2\"><strong>Za verige in posamezna prizori\u0161\u010da<\/strong><\/h3><p>Ne glede na to, ali upravljate en lokal z burgerji ali 200 prodajaln s su\u0161ijem, se ta re\u0161itev pove\u010duje skupaj z vami.<br>Ve\u010d poslovalnic? Ni problema. Pomagali vam bomo nastaviti po lokacijah in vse povezati v eno pametno zaledno pisarno.  <\/p><h2 id=\"Work-Smarter.-Deliver-Faster.-Grow-Bigger.-1\"><strong>Delajte pametneje. Zagotovite hitreje. Ve\u010dja rast.  <\/strong><\/h2><p>Preobrnite dostavo v strate\u0161ki vir prihodkov, ne da bi pove\u010dali svojo delovno obremenitev.<\/p>\t\t\t\t\t\t\t\t<\/div>\n\t\t\t\t<\/div>\n\t\t\t\t<div class=\"elementor-element elementor-element-6e90363b elementor-align-center elementor-mobile-align-center elementor-widget elementor-widget-button\" data-id=\"6e90363b\" data-element_type=\"widget\" data-e-type=\"widget\" data-widget_type=\"button.default\">\n\t\t\t\t<div class=\"elementor-widget-container\">\n\t\t\t\t\t\t\t\t\t<div class=\"elementor-button-wrapper\">\n\t\t\t\t\t<a class=\"elementor-button elementor-button-link elementor-size-sm\" href=\"https:\/\/rkeeper.us\/?page_id=256\">\n\t\t\t\t\t\t<span class=\"elementor-button-content-wrapper\">\n\t\t\t\t\t\t\t\t\t<span class=\"elementor-button-text\">Pi\u0161ite nam<\/span>\n\t\t\t\t\t<\/span>\n\t\t\t\t\t<\/a>\n\t\t\t\t<\/div>\n\t\t\t\t\t\t\t\t<\/div>\n\t\t\t\t<\/div>\n\t\t\t\t\t<\/div>\n\t\t\t\t<\/div>\n\t\t\t\t<\/div>\n\t\t","protected":false},"excerpt":{"rendered":"<p>Integracije dostave Pove\u017eite se z najbolj\u0161imi svetovnimi platformami za dostavo &#8211; vse na enem mestu Zakaj bi upravljali pet tabli\u010dnih ra\u010dunalnikov, \u010de lahko upravljate samo en sistem?Na\u0161e integracije za dostavo zdru\u017eujejo vse glavne aplikacije za dostavo v en sam, brezhiben vmesnik. Naro\u010dila gredo naravnost na va\u0161 POS ali kuhinjski zaslon &#8211; brez dvojnega vnosa, zamud [&hellip;]<\/p>\n","protected":false},"author":1,"featured_media":0,"parent":0,"menu_order":0,"comment_status":"closed","ping_status":"closed","template":"","meta":{"footnotes":""},"class_list":["post-2516","page","type-page","status-publish","hentry"],"_links":{"self":[{"href":"https:\/\/rkeeper.si\/index.php?rest_route=\/wp\/v2\/pages\/2516","targetHints":{"allow":["GET"]}}],"collection":[{"href":"https:\/\/rkeeper.si\/index.php?rest_route=\/wp\/v2\/pages"}],"about":[{"href":"https:\/\/rkeeper.si\/index.php?rest_route=\/wp\/v2\/types\/page"}],"author":[{"embeddable":true,"href":"https:\/\/rkeeper.si\/index.php?rest_route=\/wp\/v2\/users\/1"}],"replies":[{"embeddable":true,"href":"https:\/\/rkeeper.si\/index.php?rest_route=%2Fwp%2Fv2%2Fcomments&post=2516"}],"version-history":[{"count":5,"href":"https:\/\/rkeeper.si\/index.php?rest_route=\/wp\/v2\/pages\/2516\/revisions"}],"predecessor-version":[{"id":3604,"href":"https:\/\/rkeeper.si\/index.php?rest_route=\/wp\/v2\/pages\/2516\/revisions\/3604"}],"wp:attachment":[{"href":"https:\/\/rkeeper.si\/index.php?rest_route=%2Fwp%2Fv2%2Fmedia&parent=2516"}],"curies":[{"name":"wp","href":"https:\/\/api.w.org\/{rel}","templated":true}]}}