{"id":2626,"date":"2025-07-14T15:51:29","date_gmt":"2025-07-14T12:51:29","guid":{"rendered":"https:\/\/rkeeper.us\/?page_id=2626"},"modified":"2025-07-22T12:06:22","modified_gmt":"2025-07-22T09:06:22","slug":"spletno-narocanje","status":"publish","type":"page","link":"https:\/\/rkeeper.si\/?page_id=2626","title":{"rendered":"Spletno naro\u010danje"},"content":{"rendered":"\t\t<div data-elementor-type=\"wp-page\" data-elementor-id=\"2626\" class=\"elementor elementor-2626 elementor-2220\" data-elementor-post-type=\"page\">\n\t\t\t\t<div class=\"elementor-element elementor-element-13b53120 e-flex e-con-boxed e-con e-parent\" data-id=\"13b53120\" data-element_type=\"container\" data-e-type=\"container\">\n\t\t\t\t\t<div class=\"e-con-inner\">\n\t\t\t\t<div class=\"elementor-element elementor-element-664f7414 elementor-widget elementor-widget-heading\" data-id=\"664f7414\" data-element_type=\"widget\" data-e-type=\"widget\" data-widget_type=\"heading.default\">\n\t\t\t\t<div class=\"elementor-widget-container\">\n\t\t\t\t\t<h3 class=\"elementor-heading-title elementor-size-default\">Spletno naro\u010danje<\/h3>\t\t\t\t<\/div>\n\t\t\t\t<\/div>\n\t\t\t\t<div class=\"elementor-element elementor-element-63e33bf0 elementor-widget elementor-widget-text-editor\" data-id=\"63e33bf0\" data-element_type=\"widget\" data-e-type=\"widget\" data-widget_type=\"text-editor.default\">\n\t\t\t\t<div class=\"elementor-widget-container\">\n\t\t\t\t\t\t\t\t\t<h2 id=\"Online-Ordering:-Your-Restaurant-Always-Open-1\"><strong>Spletno naro\u010danje: Va\u0161a restavracija, vedno odprta<\/strong><\/h2><h3 id=\"Turn-Clicks-Into-Orders.-Anytime-Anywhere.-2\">Preobrnite klike v naro\u010dila. Kadar koli in kjer koli. <\/h3><p>Strankam omogo\u010dite, da v va\u0161i restavraciji naro\u010dijo le z nekaj dotiki &#8211; na kateri koli napravi.<br>Na\u0161a re\u0161itev za <strong>spletno naro\u010danje<\/strong> povezuje va\u0161 meni z digitalnim svetom: va\u0161o spletno stranjo, mobilno aplikacijo ali kodo QR. Brez posrednikov. Brez zni\u017eanja provizije. Samo neposredna prodaja neposredno v va\u0161o kuhinjo.   <\/p><p>Slu\u017eite zunaj svojih zidov. Bodite tam, kjer so va\u0161e stranke. <\/p><h3 id=\"Why-You'll-Love-It-2\"><strong>Zakaj vam bo v\u0161e\u010d<\/strong><\/h3><p><img fetchpriority=\"high\" decoding=\"async\" class=\"alignleft\" src=\"https:\/\/img.perfectwiki.xyz\/insecure\/resize:fit:400\/aHR0cHM6Ly9zdG9yYWdlLmdvb2dsZWFwaXMuY29tL3BlcmZlY3Rfd2lraS9jMThmZTZmNy03MTRiLTQxMzItYmI1NC0zNTY0ODc3NWVkMGMvRXFoakF6MGFkRjlvQ3BVRXdIVFQvJUQwJUI4JUQwJUI3JUQwJUJFJUQwJUIxJUQxJTgwJUQwJUIwJUQwJUI2JUQwJUI1JUQwJUJEJUQwJUI4JUQwJUI1XzQyZTk5NjM0LWY0YzYtNGU3My05MDhlLTI4ODBiZTIwMGU4OS5wbmc.webp\" sizes=\"100vw\" srcset=\"https:\/\/img.perfectwiki.xyz\/insecure\/resize:fit:400\/aHR0cHM6Ly9zdG9yYWdlLmdvb2dsZWFwaXMuY29tL3BlcmZlY3Rfd2lraS9jMThmZTZmNy03MTRiLTQxMzItYmI1NC0zNTY0ODc3NWVkMGMvRXFoakF6MGFkRjlvQ3BVRXdIVFQvJUQwJUI4JUQwJUI3JUQwJUJFJUQwJUIxJUQxJTgwJUQwJUIwJUQwJUI2JUQwJUI1JUQwJUJEJUQwJUI4JUQwJUI1XzQyZTk5NjM0LWY0YzYtNGU3My05MDhlLTI4ODBiZTIwMGU4OS5wbmc.webp 400w, https:\/\/img.perfectwiki.xyz\/insecure\/resize:fit:800\/aHR0cHM6Ly9zdG9yYWdlLmdvb2dsZWFwaXMuY29tL3BlcmZlY3Rfd2lraS9jMThmZTZmNy03MTRiLTQxMzItYmI1NC0zNTY0ODc3NWVkMGMvRXFoakF6MGFkRjlvQ3BVRXdIVFQvJUQwJUI4JUQwJUI3JUQwJUJFJUQwJUIxJUQxJTgwJUQwJUIwJUQwJUI2JUQwJUI1JUQwJUJEJUQwJUI4JUQwJUI1XzQyZTk5NjM0LWY0YzYtNGU3My05MDhlLTI4ODBiZTIwMGU4OS5wbmc.webp 800w, https:\/\/img.perfectwiki.xyz\/insecure\/resize:fit:1200\/aHR0cHM6Ly9zdG9yYWdlLmdvb2dsZWFwaXMuY29tL3BlcmZlY3Rfd2lraS9jMThmZTZmNy03MTRiLTQxMzItYmI1NC0zNTY0ODc3NWVkMGMvRXFoakF6MGFkRjlvQ3BVRXdIVFQvJUQwJUI4JUQwJUI3JUQwJUJFJUQwJUIxJUQxJTgwJUQwJUIwJUQwJUI2JUQwJUI1JUQwJUJEJUQwJUI4JUQwJUI1XzQyZTk5NjM0LWY0YzYtNGU3My05MDhlLTI4ODBiZTIwMGU4OS5wbmc.webp 1200w, https:\/\/img.perfectwiki.xyz\/insecure\/aHR0cHM6Ly9zdG9yYWdlLmdvb2dsZWFwaXMuY29tL3BlcmZlY3Rfd2lraS9jMThmZTZmNy03MTRiLTQxMzItYmI1NC0zNTY0ODc3NWVkMGMvRXFoakF6MGFkRjlvQ3BVRXdIVFQvJUQwJUI4JUQwJUI3JUQwJUJFJUQwJUIxJUQxJTgwJUQwJUIwJUQwJUI2JUQwJUI1JUQwJUJEJUQwJUI4JUQwJUI1XzQyZTk5NjM0LWY0YzYtNGU3My05MDhlLTI4ODBiZTIwMGU4OS5wbmc.webp 1400w\" alt=\"re\u0161itve \/ 6 Spletno naro\u010danje\" width=\"224\" height=\"336\"><\/p><p><strong>Enostavna uporaba, enostavno naro\u010danje<\/strong><br>\u010cudovit meni z blagovno znamko, zasnovan za mobilne naprave in namizne ra\u010dunalnike. Ni treba prena\u0161ati aplikacij &#8211; samo tapnite in naro\u010dite. <\/p><p><strong>Varna pla\u010dila, prilagodljive mo\u017enosti<\/strong><br>Sprejmite kartice, Apple\/Google Pay ali jim omogo\u010dite pla\u010dilo ob prevzemu. Vse transakcije so varne in hitre. <\/p><p><strong>Prevzem, dostava, ve\u010derja &#8211; vse je zajeto<\/strong><br>Gostje lahko izbirajo, kako bodo prejeli hrano: lahko jo prevzamejo, jedo v restavraciji ali pa jim jo dostavijo.<\/p><p><strong>Popolnoma integriran<\/strong><br>Naro\u010dila se stekajo naravnost v va\u0161 POS ali kuhinjo &#8211; brez dodatnih zaslonov, brez zamujenih vstopnic.<\/p><p><strong>Vpogledi v prodajo in podatki o strankah<\/strong><br>Spremljajte, kaj ljudje naro\u010dajo, kdaj in kako pogosto. Uporabite ga za izbolj\u0161anje ponudb in bolj\u0161e ciljno usmerjanje. <\/p><h3 id=\"Key-Features-2\"><strong>Klju\u010dne lastnosti<\/strong><\/h3><ul><li>Prilagodljiv digitalni meni s kategorijami in modifikatorji<\/li><li>Dodajte fotografije, alergene, kombinacije &#8211; vse, o \u010demer se morajo va\u0161i gostje odlo\u010diti.<\/li><li>delite prek povezave, kode QR ali vgradite v spletno mesto<\/li><li>Podpora promocijskim kodam, zvestobi in prodaji navzgor<\/li><li>Posodobitve menija in razpolo\u017eljivosti v realnem \u010dasu<\/li><li><p>Ve\u010djezi\u010dna podpora za mednarodne stranke<\/p><figure class=\"image image_resized\"><img decoding=\"async\" class=\"alignright\" src=\"https:\/\/img.perfectwiki.xyz\/insecure\/resize:fit:400\/aHR0cHM6Ly9zdG9yYWdlLmdvb2dsZWFwaXMuY29tL3BlcmZlY3Rfd2lraS9jMThmZTZmNy03MTRiLTQxMzItYmI1NC0zNTY0ODc3NWVkMGMvRXFoakF6MGFkRjlvQ3BVRXdIVFQvJUQwJUI4JUQwJUI3JUQwJUJFJUQwJUIxJUQxJTgwJUQwJUIwJUQwJUI2JUQwJUI1JUQwJUJEJUQwJUI4JUQwJUI1XzVkNzgwNjA4LTY0OTctNDNkYi1iMmViLTkzNDFkNzYyNzVjMS5wbmc.webp\" sizes=\"100vw\" srcset=\"https:\/\/img.perfectwiki.xyz\/insecure\/resize:fit:400\/aHR0cHM6Ly9zdG9yYWdlLmdvb2dsZWFwaXMuY29tL3BlcmZlY3Rfd2lraS9jMThmZTZmNy03MTRiLTQxMzItYmI1NC0zNTY0ODc3NWVkMGMvRXFoakF6MGFkRjlvQ3BVRXdIVFQvJUQwJUI4JUQwJUI3JUQwJUJFJUQwJUIxJUQxJTgwJUQwJUIwJUQwJUI2JUQwJUI1JUQwJUJEJUQwJUI4JUQwJUI1XzVkNzgwNjA4LTY0OTctNDNkYi1iMmViLTkzNDFkNzYyNzVjMS5wbmc.webp 400w, https:\/\/img.perfectwiki.xyz\/insecure\/resize:fit:800\/aHR0cHM6Ly9zdG9yYWdlLmdvb2dsZWFwaXMuY29tL3BlcmZlY3Rfd2lraS9jMThmZTZmNy03MTRiLTQxMzItYmI1NC0zNTY0ODc3NWVkMGMvRXFoakF6MGFkRjlvQ3BVRXdIVFQvJUQwJUI4JUQwJUI3JUQwJUJFJUQwJUIxJUQxJTgwJUQwJUIwJUQwJUI2JUQwJUI1JUQwJUJEJUQwJUI4JUQwJUI1XzVkNzgwNjA4LTY0OTctNDNkYi1iMmViLTkzNDFkNzYyNzVjMS5wbmc.webp 800w, https:\/\/img.perfectwiki.xyz\/insecure\/resize:fit:1200\/aHR0cHM6Ly9zdG9yYWdlLmdvb2dsZWFwaXMuY29tL3BlcmZlY3Rfd2lraS9jMThmZTZmNy03MTRiLTQxMzItYmI1NC0zNTY0ODc3NWVkMGMvRXFoakF6MGFkRjlvQ3BVRXdIVFQvJUQwJUI4JUQwJUI3JUQwJUJFJUQwJUIxJUQxJTgwJUQwJUIwJUQwJUI2JUQwJUI1JUQwJUJEJUQwJUI4JUQwJUI1XzVkNzgwNjA4LTY0OTctNDNkYi1iMmViLTkzNDFkNzYyNzVjMS5wbmc.webp 1200w, https:\/\/img.perfectwiki.xyz\/insecure\/aHR0cHM6Ly9zdG9yYWdlLmdvb2dsZWFwaXMuY29tL3BlcmZlY3Rfd2lraS9jMThmZTZmNy03MTRiLTQxMzItYmI1NC0zNTY0ODc3NWVkMGMvRXFoakF6MGFkRjlvQ3BVRXdIVFQvJUQwJUI4JUQwJUI3JUQwJUJFJUQwJUIxJUQxJTgwJUQwJUIwJUQwJUI2JUQwJUI1JUQwJUJEJUQwJUI4JUQwJUI1XzVkNzgwNjA4LTY0OTctNDNkYi1iMmViLTkzNDFkNzYyNzVjMS5wbmc.webp 1400w\" alt=\"re\u0161itve \/ 6 Spletno naro\u010danje\" width=\"230\" height=\"347\"><\/figure><\/li><\/ul><h3 id=\"Who-Is-It-For-2\"><strong>Za koga je namenjen?<\/strong><\/h3><p><strong>Hitra prehrana<\/strong> &#8211; Hitro naro\u010danje, manj \u010dakalnih vrst<br><strong>Prevzem in dostava<\/strong> &#8211; Enostaven pretok strank, bolj\u0161i \u010das<br> Kavarne<strong>in pekarne<\/strong> &#8211; Na\u010drtovanje prevzemov, izogibanje vrstam<br><strong>Restavracije<\/strong> &#8211; QR-naro\u010danje miz, brez potrebnega osebja  <\/p><h2 id=\"Own-the-Customer-Experience-1\"><strong>Izku\u0161nje strank<\/strong><\/h2><p>Ne oddajte svojega odnosa v najem aplikacijam tretjih oseb.<br>Z neposrednim spletnim naro\u010danjem ohranite nadzor &#8211; in obdr\u017eite 100 % prodaje.<\/p>\t\t\t\t\t\t\t\t<\/div>\n\t\t\t\t<\/div>\n\t\t\t\t<div class=\"elementor-element elementor-element-419a0f07 elementor-align-center elementor-mobile-align-center elementor-widget elementor-widget-button\" data-id=\"419a0f07\" data-element_type=\"widget\" data-e-type=\"widget\" data-widget_type=\"button.default\">\n\t\t\t\t<div class=\"elementor-widget-container\">\n\t\t\t\t\t\t\t\t\t<div class=\"elementor-button-wrapper\">\n\t\t\t\t\t<a class=\"elementor-button elementor-button-link elementor-size-sm\" href=\"https:\/\/rkeeper.us\/?page_id=256\">\n\t\t\t\t\t\t<span class=\"elementor-button-content-wrapper\">\n\t\t\t\t\t\t\t\t\t<span class=\"elementor-button-text\">Pi\u0161ite nam<\/span>\n\t\t\t\t\t<\/span>\n\t\t\t\t\t<\/a>\n\t\t\t\t<\/div>\n\t\t\t\t\t\t\t\t<\/div>\n\t\t\t\t<\/div>\n\t\t\t\t\t<\/div>\n\t\t\t\t<\/div>\n\t\t\t\t<\/div>\n\t\t","protected":false},"excerpt":{"rendered":"<p>Spletno naro\u010danje Spletno naro\u010danje: Va\u0161a restavracija, vedno odprta Preobrnite klike v naro\u010dila. Kadar koli in kjer koli. Strankam omogo\u010dite, da v va\u0161i restavraciji naro\u010dijo le z nekaj dotiki &#8211; na kateri koli napravi.Na\u0161a re\u0161itev za spletno naro\u010danje povezuje va\u0161 meni z digitalnim svetom: va\u0161o spletno stranjo, mobilno aplikacijo ali kodo QR. Brez posrednikov. Brez zni\u017eanja [&hellip;]<\/p>\n","protected":false},"author":1,"featured_media":0,"parent":0,"menu_order":0,"comment_status":"closed","ping_status":"closed","template":"","meta":{"footnotes":""},"class_list":["post-2626","page","type-page","status-publish","hentry"],"_links":{"self":[{"href":"https:\/\/rkeeper.si\/index.php?rest_route=\/wp\/v2\/pages\/2626","targetHints":{"allow":["GET"]}}],"collection":[{"href":"https:\/\/rkeeper.si\/index.php?rest_route=\/wp\/v2\/pages"}],"about":[{"href":"https:\/\/rkeeper.si\/index.php?rest_route=\/wp\/v2\/types\/page"}],"author":[{"embeddable":true,"href":"https:\/\/rkeeper.si\/index.php?rest_route=\/wp\/v2\/users\/1"}],"replies":[{"embeddable":true,"href":"https:\/\/rkeeper.si\/index.php?rest_route=%2Fwp%2Fv2%2Fcomments&post=2626"}],"version-history":[{"count":5,"href":"https:\/\/rkeeper.si\/index.php?rest_route=\/wp\/v2\/pages\/2626\/revisions"}],"predecessor-version":[{"id":3684,"href":"https:\/\/rkeeper.si\/index.php?rest_route=\/wp\/v2\/pages\/2626\/revisions\/3684"}],"wp:attachment":[{"href":"https:\/\/rkeeper.si\/index.php?rest_route=%2Fwp%2Fv2%2Fmedia&parent=2626"}],"curies":[{"name":"wp","href":"https:\/\/api.w.org\/{rel}","templated":true}]}}