{"id":2634,"date":"2025-07-14T15:56:20","date_gmt":"2025-07-14T12:56:20","guid":{"rendered":"https:\/\/rkeeper.us\/?page_id=2634"},"modified":"2025-07-22T12:03:44","modified_gmt":"2025-07-22T09:03:44","slug":"prodaja-po-vseh-kanalih","status":"publish","type":"page","link":"https:\/\/rkeeper.si\/?page_id=2634","title":{"rendered":"Prodaja po vseh kanalih"},"content":{"rendered":"\t\t<div data-elementor-type=\"wp-page\" data-elementor-id=\"2634\" class=\"elementor elementor-2634 elementor-2231\" data-elementor-post-type=\"page\">\n\t\t\t\t<div class=\"elementor-element elementor-element-6ea3bb29 e-flex e-con-boxed e-con e-parent\" data-id=\"6ea3bb29\" data-element_type=\"container\" data-e-type=\"container\">\n\t\t\t\t\t<div class=\"e-con-inner\">\n\t\t\t\t<div class=\"elementor-element elementor-element-bc47fca elementor-widget elementor-widget-heading\" data-id=\"bc47fca\" data-element_type=\"widget\" data-e-type=\"widget\" data-widget_type=\"heading.default\">\n\t\t\t\t<div class=\"elementor-widget-container\">\n\t\t\t\t\t<h3 class=\"elementor-heading-title elementor-size-default\">Ve\u010dkanalna prodaja<\/h3>\t\t\t\t<\/div>\n\t\t\t\t<\/div>\n\t\t\t\t<div class=\"elementor-element elementor-element-4e941143 elementor-widget elementor-widget-text-editor\" data-id=\"4e941143\" data-element_type=\"widget\" data-e-type=\"widget\" data-widget_type=\"text-editor.default\">\n\t\t\t\t<div class=\"elementor-widget-container\">\n\t\t\t\t\t\t\t\t\t<h2 id=\"Omnichannel-Sales:-Be-Everywhere-Your-Customers-Are-1\"><strong>Ve\u010dkanalna prodaja: Bodite povsod, kjer so va\u0161e stranke.<\/strong><\/h2><h3 id=\"One-Menu.-All-Channels.-Unlimited-Growth.-2\">En meni. Vsi kanali. Neomejena rast.  <\/h3><p><img fetchpriority=\"high\" decoding=\"async\" class=\"alignright\" src=\"https:\/\/img.perfectwiki.xyz\/insecure\/resize:fit:400\/aHR0cHM6Ly9zdG9yYWdlLmdvb2dsZWFwaXMuY29tL3BlcmZlY3Rfd2lraS9jMThmZTZmNy03MTRiLTQxMzItYmI1NC0zNTY0ODc3NWVkMGMvZVQwemNKcWhZalJnNGtDZVZPcHYvJUQwJUI4JUQwJUI3JUQwJUJFJUQwJUIxJUQxJTgwJUQwJUIwJUQwJUI2JUQwJUI1JUQwJUJEJUQwJUI4JUQwJUI1X2QwMmFkYzNjLTdlMjYtNDkxYi1iMjJmLTVjMGFmMmJkMzEyYS5wbmc.webp\" sizes=\"100vw\" srcset=\"https:\/\/img.perfectwiki.xyz\/insecure\/resize:fit:400\/aHR0cHM6Ly9zdG9yYWdlLmdvb2dsZWFwaXMuY29tL3BlcmZlY3Rfd2lraS9jMThmZTZmNy03MTRiLTQxMzItYmI1NC0zNTY0ODc3NWVkMGMvZVQwemNKcWhZalJnNGtDZVZPcHYvJUQwJUI4JUQwJUI3JUQwJUJFJUQwJUIxJUQxJTgwJUQwJUIwJUQwJUI2JUQwJUI1JUQwJUJEJUQwJUI4JUQwJUI1X2QwMmFkYzNjLTdlMjYtNDkxYi1iMjJmLTVjMGFmMmJkMzEyYS5wbmc.webp 400w, https:\/\/img.perfectwiki.xyz\/insecure\/resize:fit:800\/aHR0cHM6Ly9zdG9yYWdlLmdvb2dsZWFwaXMuY29tL3BlcmZlY3Rfd2lraS9jMThmZTZmNy03MTRiLTQxMzItYmI1NC0zNTY0ODc3NWVkMGMvZVQwemNKcWhZalJnNGtDZVZPcHYvJUQwJUI4JUQwJUI3JUQwJUJFJUQwJUIxJUQxJTgwJUQwJUIwJUQwJUI2JUQwJUI1JUQwJUJEJUQwJUI4JUQwJUI1X2QwMmFkYzNjLTdlMjYtNDkxYi1iMjJmLTVjMGFmMmJkMzEyYS5wbmc.webp 800w, https:\/\/img.perfectwiki.xyz\/insecure\/resize:fit:1200\/aHR0cHM6Ly9zdG9yYWdlLmdvb2dsZWFwaXMuY29tL3BlcmZlY3Rfd2lraS9jMThmZTZmNy03MTRiLTQxMzItYmI1NC0zNTY0ODc3NWVkMGMvZVQwemNKcWhZalJnNGtDZVZPcHYvJUQwJUI4JUQwJUI3JUQwJUJFJUQwJUIxJUQxJTgwJUQwJUIwJUQwJUI2JUQwJUI1JUQwJUJEJUQwJUI4JUQwJUI1X2QwMmFkYzNjLTdlMjYtNDkxYi1iMjJmLTVjMGFmMmJkMzEyYS5wbmc.webp 1200w, https:\/\/img.perfectwiki.xyz\/insecure\/aHR0cHM6Ly9zdG9yYWdlLmdvb2dsZWFwaXMuY29tL3BlcmZlY3Rfd2lraS9jMThmZTZmNy03MTRiLTQxMzItYmI1NC0zNTY0ODc3NWVkMGMvZVQwemNKcWhZalJnNGtDZVZPcHYvJUQwJUI4JUQwJUI3JUQwJUJFJUQwJUIxJUQxJTgwJUQwJUIwJUQwJUI2JUQwJUI1JUQwJUJEJUQwJUI4JUQwJUI1X2QwMmFkYzNjLTdlMjYtNDkxYi1iMjJmLTVjMGFmMmJkMzEyYS5wbmc.webp 1400w\" alt=\"Re\u0161itve \/ 5 Ve\u010dkanalna prodaja\" width=\"364\" height=\"242\"><\/p><p>Kupci danes naro\u010dajo prek aplikacij, spletnih strani, kioskov in kar na prodajnem pultu. Zakaj bi izbrali eno, \u010de imate lahko vse?<br>Na\u0161a <strong>ve\u010dkanalna prodajna re\u0161itev<\/strong> povezuje vse prodajne to\u010dke v enovit sistem, tako da se nobeno naro\u010dilo ne izgubi in vsaka stranka je postre\u017eena. <\/p><p>Na spletu. V podjetju. Na poti. Vse sinhronizirano.   <\/p><h3 id=\"What-You-Get-2\"><strong>Kaj dobite<\/strong><\/h3><p><img decoding=\"async\" class=\"alignleft\" src=\"https:\/\/img.perfectwiki.xyz\/insecure\/resize:fit:400\/aHR0cHM6Ly9zdG9yYWdlLmdvb2dsZWFwaXMuY29tL3BlcmZlY3Rfd2lraS9jMThmZTZmNy03MTRiLTQxMzItYmI1NC0zNTY0ODc3NWVkMGMvZVQwemNKcWhZalJnNGtDZVZPcHYvJUQwJUI4JUQwJUI3JUQwJUJFJUQwJUIxJUQxJTgwJUQwJUIwJUQwJUI2JUQwJUI1JUQwJUJEJUQwJUI4JUQwJUI1X2FhYTYwZDUxLWM1YjItNDY0Mi1iNmNmLWYyMTMxYmZiMjQ1MC5wbmc.webp\" sizes=\"100vw\" srcset=\"https:\/\/img.perfectwiki.xyz\/insecure\/resize:fit:400\/aHR0cHM6Ly9zdG9yYWdlLmdvb2dsZWFwaXMuY29tL3BlcmZlY3Rfd2lraS9jMThmZTZmNy03MTRiLTQxMzItYmI1NC0zNTY0ODc3NWVkMGMvZVQwemNKcWhZalJnNGtDZVZPcHYvJUQwJUI4JUQwJUI3JUQwJUJFJUQwJUIxJUQxJTgwJUQwJUIwJUQwJUI2JUQwJUI1JUQwJUJEJUQwJUI4JUQwJUI1X2FhYTYwZDUxLWM1YjItNDY0Mi1iNmNmLWYyMTMxYmZiMjQ1MC5wbmc.webp 400w, https:\/\/img.perfectwiki.xyz\/insecure\/resize:fit:800\/aHR0cHM6Ly9zdG9yYWdlLmdvb2dsZWFwaXMuY29tL3BlcmZlY3Rfd2lraS9jMThmZTZmNy03MTRiLTQxMzItYmI1NC0zNTY0ODc3NWVkMGMvZVQwemNKcWhZalJnNGtDZVZPcHYvJUQwJUI4JUQwJUI3JUQwJUJFJUQwJUIxJUQxJTgwJUQwJUIwJUQwJUI2JUQwJUI1JUQwJUJEJUQwJUI4JUQwJUI1X2FhYTYwZDUxLWM1YjItNDY0Mi1iNmNmLWYyMTMxYmZiMjQ1MC5wbmc.webp 800w, https:\/\/img.perfectwiki.xyz\/insecure\/resize:fit:1200\/aHR0cHM6Ly9zdG9yYWdlLmdvb2dsZWFwaXMuY29tL3BlcmZlY3Rfd2lraS9jMThmZTZmNy03MTRiLTQxMzItYmI1NC0zNTY0ODc3NWVkMGMvZVQwemNKcWhZalJnNGtDZVZPcHYvJUQwJUI4JUQwJUI3JUQwJUJFJUQwJUIxJUQxJTgwJUQwJUIwJUQwJUI2JUQwJUI1JUQwJUJEJUQwJUI4JUQwJUI1X2FhYTYwZDUxLWM1YjItNDY0Mi1iNmNmLWYyMTMxYmZiMjQ1MC5wbmc.webp 1200w, https:\/\/img.perfectwiki.xyz\/insecure\/aHR0cHM6Ly9zdG9yYWdlLmdvb2dsZWFwaXMuY29tL3BlcmZlY3Rfd2lraS9jMThmZTZmNy03MTRiLTQxMzItYmI1NC0zNTY0ODc3NWVkMGMvZVQwemNKcWhZalJnNGtDZVZPcHYvJUQwJUI4JUQwJUI3JUQwJUJFJUQwJUIxJUQxJTgwJUQwJUIwJUQwJUI2JUQwJUI1JUQwJUJEJUQwJUI4JUQwJUI1X2FhYTYwZDUxLWM1YjItNDY0Mi1iNmNmLWYyMTMxYmZiMjQ1MC5wbmc.webp 1400w\" alt=\"Re\u0161itve \/ 5 Ve\u010dkanalna prodaja\" width=\"242\" height=\"366\"><\/p><p><strong>Poenotena naro\u010dila v vseh kanalih<\/strong><br>Ni\u010d ve\u010d \u017eongliranja s tabli\u010dnimi ra\u010dunalniki in aplikacijami. Naro\u010dila iz spleta, mobilnih naprav, kioska ali prodajnega mesta se takoj prenesejo v en sistem &#8211; takoj. <\/p><p><strong>Sodobna izku\u0161nja, pripravljena za mobilne naprave<\/strong><br>Va\u0161 meni, va\u0161 slog &#8211; na voljo na vseh napravah. Pustite strankam, da naro\u010dajo, kot jim je ljub\u0161e. <\/p><p><strong>Sinhronizacija inventarja in menija v realnem \u010dasu<\/strong><br>Enkrat spremenite ceno ali element in posodobi se povsod: Na prodajnem mestu, spletni strani, aplikacijah za dostavo in kioskih.<\/p><p><strong>Centralizirano poro\u010danje<\/strong><br>Spremljajte celotno prodajo, najbolj\u0161e izdelke in vedenje strank na vseh platformah &#8211; na eni nadzorni plo\u0161\u010di.<\/p><p><strong>Pripravljen na dostavo in prevzem<\/strong><br>Povezujte se neposredno s Click &amp; Collect, partnerji za dostavo ali notranjimi kurirji za popolno prodajno zanko.<\/p><h3 id=\"Why-It-Matters-2\"><strong>Zakaj je to pomembno<\/strong><\/h3><p><strong>Pove\u010dajte prihodke<\/strong> &#8211; zajemajte prodajo iz vseh platform, 24 ur na dan, 7 dni v tednu.<\/p><p><strong>Prihranite \u010das<\/strong> &#8211; ni ve\u010d dvojnega vnosa. Posodobitve so samodejne in takoj\u0161nje. <\/p><p><strong>Zmanj\u0161ajte \u0161tevilo napak<\/strong> &#8211; enotna naro\u010dila = ni zmede, ni spregledanih elementov.<\/p><p><strong>Pove\u010dajte zvestobo<\/strong> &#8211; gladke izku\u0161nje na vseh sti\u010dnih to\u010dkah spodbujajo ponovne obiske.<\/p><h3 id=\"Channels-You-Can-Connect-2\"><strong>Kanali, s katerimi se lahko pove\u017eete<\/strong><\/h3><p><img decoding=\"async\" class=\"alignright\" style=\"margin: 8px 8px 0px;\" src=\"https:\/\/img.perfectwiki.xyz\/insecure\/resize:fit:400\/aHR0cHM6Ly9zdG9yYWdlLmdvb2dsZWFwaXMuY29tL3BlcmZlY3Rfd2lraS9jMThmZTZmNy03MTRiLTQxMzItYmI1NC0zNTY0ODc3NWVkMGMvZVQwemNKcWhZalJnNGtDZVZPcHYvJUQwJUI4JUQwJUI3JUQwJUJFJUQwJUIxJUQxJTgwJUQwJUIwJUQwJUI2JUQwJUI1JUQwJUJEJUQwJUI4JUQwJUI1X2QxY2QyYjAxLTc0ZWYtNDJmYi04Yzk5LTY1M2RhYWMwZDExOS5wbmc.webp\" sizes=\"100vw\" srcset=\"https:\/\/img.perfectwiki.xyz\/insecure\/resize:fit:400\/aHR0cHM6Ly9zdG9yYWdlLmdvb2dsZWFwaXMuY29tL3BlcmZlY3Rfd2lraS9jMThmZTZmNy03MTRiLTQxMzItYmI1NC0zNTY0ODc3NWVkMGMvZVQwemNKcWhZalJnNGtDZVZPcHYvJUQwJUI4JUQwJUI3JUQwJUJFJUQwJUIxJUQxJTgwJUQwJUIwJUQwJUI2JUQwJUI1JUQwJUJEJUQwJUI4JUQwJUI1X2QxY2QyYjAxLTc0ZWYtNDJmYi04Yzk5LTY1M2RhYWMwZDExOS5wbmc.webp 400w, https:\/\/img.perfectwiki.xyz\/insecure\/resize:fit:800\/aHR0cHM6Ly9zdG9yYWdlLmdvb2dsZWFwaXMuY29tL3BlcmZlY3Rfd2lraS9jMThmZTZmNy03MTRiLTQxMzItYmI1NC0zNTY0ODc3NWVkMGMvZVQwemNKcWhZalJnNGtDZVZPcHYvJUQwJUI4JUQwJUI3JUQwJUJFJUQwJUIxJUQxJTgwJUQwJUIwJUQwJUI2JUQwJUI1JUQwJUJEJUQwJUI4JUQwJUI1X2QxY2QyYjAxLTc0ZWYtNDJmYi04Yzk5LTY1M2RhYWMwZDExOS5wbmc.webp 800w, https:\/\/img.perfectwiki.xyz\/insecure\/resize:fit:1200\/aHR0cHM6Ly9zdG9yYWdlLmdvb2dsZWFwaXMuY29tL3BlcmZlY3Rfd2lraS9jMThmZTZmNy03MTRiLTQxMzItYmI1NC0zNTY0ODc3NWVkMGMvZVQwemNKcWhZalJnNGtDZVZPcHYvJUQwJUI4JUQwJUI3JUQwJUJFJUQwJUIxJUQxJTgwJUQwJUIwJUQwJUI2JUQwJUI1JUQwJUJEJUQwJUI4JUQwJUI1X2QxY2QyYjAxLTc0ZWYtNDJmYi04Yzk5LTY1M2RhYWMwZDExOS5wbmc.webp 1200w, https:\/\/img.perfectwiki.xyz\/insecure\/aHR0cHM6Ly9zdG9yYWdlLmdvb2dsZWFwaXMuY29tL3BlcmZlY3Rfd2lraS9jMThmZTZmNy03MTRiLTQxMzItYmI1NC0zNTY0ODc3NWVkMGMvZVQwemNKcWhZalJnNGtDZVZPcHYvJUQwJUI4JUQwJUI3JUQwJUJFJUQwJUIxJUQxJTgwJUQwJUIwJUQwJUI2JUQwJUI1JUQwJUJEJUQwJUI4JUQwJUI1X2QxY2QyYjAxLTc0ZWYtNDJmYi04Yzk5LTY1M2RhYWMwZDExOS5wbmc.webp 1400w\" alt=\"Re\u0161itve \/ 5 Ve\u010dkanalna prodaja\" width=\"234\" height=\"316\"><\/p><p>\u2705 POS in blagajna<br>\u2705 Kiosk<br>\u2705 Nativna mobilna aplikacija<br>\u2705 Brandirana spletna stran<br>\u2705 Platforme za dostavo (Wolt, Bolt, Glovo itd.)<br>\u2705 Click &amp; Collect<br>\u2705 Naro\u010danje s QR-tablo<\/p><h2 id=\"Omnichannel-Omnipresence-1\"><strong>Omnichannel = vseprisotnost<\/strong><\/h2><p>Va\u0161e stranke \u017eivijo v ve\u010d kanalih.<br>Zdaj lahko tudi va\u0161e podjetje &#8211; brez kaosa.<\/p><p>tay povezan. Ostanite skalabilni. Imejte nadzor.  <\/p>\t\t\t\t\t\t\t\t<\/div>\n\t\t\t\t<\/div>\n\t\t\t\t<div class=\"elementor-element elementor-element-2c75ffcf elementor-align-center elementor-mobile-align-center elementor-widget elementor-widget-button\" data-id=\"2c75ffcf\" data-element_type=\"widget\" data-e-type=\"widget\" data-widget_type=\"button.default\">\n\t\t\t\t<div class=\"elementor-widget-container\">\n\t\t\t\t\t\t\t\t\t<div class=\"elementor-button-wrapper\">\n\t\t\t\t\t<a class=\"elementor-button elementor-button-link elementor-size-sm\" href=\"https:\/\/rkeeper.us\/?page_id=256\">\n\t\t\t\t\t\t<span class=\"elementor-button-content-wrapper\">\n\t\t\t\t\t\t\t\t\t<span class=\"elementor-button-text\">Pi\u0161ite nam<\/span>\n\t\t\t\t\t<\/span>\n\t\t\t\t\t<\/a>\n\t\t\t\t<\/div>\n\t\t\t\t\t\t\t\t<\/div>\n\t\t\t\t<\/div>\n\t\t\t\t\t<\/div>\n\t\t\t\t<\/div>\n\t\t\t\t<\/div>\n\t\t","protected":false},"excerpt":{"rendered":"<p>Ve\u010dkanalna prodaja Ve\u010dkanalna prodaja: Bodite povsod, kjer so va\u0161e stranke. En meni. Vsi kanali. Neomejena rast. Kupci danes naro\u010dajo prek aplikacij, spletnih strani, kioskov in kar na prodajnem pultu. Zakaj bi izbrali eno, \u010de imate lahko vse?Na\u0161a ve\u010dkanalna prodajna re\u0161itev povezuje vse prodajne to\u010dke v enovit sistem, tako da se nobeno naro\u010dilo ne izgubi in [&hellip;]<\/p>\n","protected":false},"author":1,"featured_media":0,"parent":0,"menu_order":0,"comment_status":"closed","ping_status":"closed","template":"","meta":{"footnotes":""},"class_list":["post-2634","page","type-page","status-publish","hentry"],"_links":{"self":[{"href":"https:\/\/rkeeper.si\/index.php?rest_route=\/wp\/v2\/pages\/2634","targetHints":{"allow":["GET"]}}],"collection":[{"href":"https:\/\/rkeeper.si\/index.php?rest_route=\/wp\/v2\/pages"}],"about":[{"href":"https:\/\/rkeeper.si\/index.php?rest_route=\/wp\/v2\/types\/page"}],"author":[{"embeddable":true,"href":"https:\/\/rkeeper.si\/index.php?rest_route=\/wp\/v2\/users\/1"}],"replies":[{"embeddable":true,"href":"https:\/\/rkeeper.si\/index.php?rest_route=%2Fwp%2Fv2%2Fcomments&post=2634"}],"version-history":[{"count":2,"href":"https:\/\/rkeeper.si\/index.php?rest_route=\/wp\/v2\/pages\/2634\/revisions"}],"predecessor-version":[{"id":3667,"href":"https:\/\/rkeeper.si\/index.php?rest_route=\/wp\/v2\/pages\/2634\/revisions\/3667"}],"wp:attachment":[{"href":"https:\/\/rkeeper.si\/index.php?rest_route=%2Fwp%2Fv2%2Fmedia&parent=2634"}],"curies":[{"name":"wp","href":"https:\/\/api.w.org\/{rel}","templated":true}]}}